{"id":531,"date":"2019-09-13T08:03:09","date_gmt":"2019-09-13T06:03:09","guid":{"rendered":"https:\/\/ladge.fr\/?page_id=531"},"modified":"2024-11-28T12:50:40","modified_gmt":"2024-11-28T11:50:40","slug":"nous-contacter","status":"publish","type":"page","link":"https:\/\/ladge.fr\/index.php\/nous-contacter\/","title":{"rendered":"Nous contacter"},"content":{"rendered":"<div  data-label=\"Contact\" data-id=\"contact-map-section\" data-category=\"contact\" class=\"contact-map-section\" id=\"contact-3\" style=\"background-color: rgb(246, 246, 246); background-image: none;\" data-ovid=\"ovid-contact-3-163\"> <div  class=\"contact-map-section-row gridContainer\"> <div  class=\"contact-map-section-left dynamic-color\" data-type=\"column\"> <h2  class=\"\"><span  style=\"color: rgb(3, 169, 244); font-weight: 500;\">LADGE&nbsp;<\/span><br ><span  style=\"font-weight: 200;\">Les Al\u00e9sages Du Grand Est<\/span><\/h2>  <div  class=\"contact-map-contact-row\"> <div  class=\"contact-map-itemrow\"> <div  class=\"contact-map-section-iconcol\"> <i  data-cp-fa=\"true\" class=\"contact-map-section-font-icon-1 fa fa-map-marker\"><\/i> <\/div> <div  class=\"contact-map-section-info-text\"> <p  class=\"contact-map-section-itemtextcol\">19 rue de hombourg\n<br >F-57470 GUENVILLER &nbsp;<\/p> <\/div> <\/div> <div  class=\"contact-map-itemrow\"> <div  class=\"contact-map-section-iconcol\"> <i  data-cp-fa=\"true\" class=\"contact-map-section-font-icon-1 fa fa-phone\"><\/i> <\/div> <div  class=\"contact-map-section-info-text\"> <p  class=\"contact-map-section-itemtextcol\"><span style=\"font-weight: 500;\" >+33 (0)6. 41. 02. 84. 82<\/span> &nbsp; &nbsp;&nbsp;<br > <span id=\"_mce_caret\" data-mce-bogus=\"1\" data-mce-type=\"format-caret\" ><span style=\"font-weight: 500;\" >\ufeff<\/span><\/span><\/p> <\/div> <\/div> <div  class=\"contact-map-itemrow\"> <div  class=\"contact-map-section-iconcol\" data-preview-empty=\"1\">  <\/div> <div  class=\"contact-map-section-info-text\" data-preview-empty=\"1\">  <\/div> <\/div> <div  class=\"contact-map-itemrow\"> <div  class=\"contact-map-section-iconcol\" data-preview-empty=\"1\">  <\/div> <div  class=\"contact-map-section-info-text\" data-preview-empty=\"1\">  <\/div> <\/div> <\/div> <div  class=\"contact-2columns-formcol1\" data-content-shortcode=\"one_page_express_contact_form shortcode=&quot;contact-form-7 id=&amp;amp;quot;b1d0995&amp;amp;quot; title=&amp;amp;quot;Formulaire de contact 1&amp;amp;quot;&quot;\" data-editable=\"true\" style=\"position: relative; left: 0px; top: 0px;\">\n<div class=\"wpcf7 no-js\" id=\"wpcf7-f169-o1\" lang=\"fr-FR\" dir=\"ltr\" data-wpcf7-id=\"169\">\n<div class=\"screen-reader-response\"><p role=\"status\" aria-live=\"polite\" aria-atomic=\"true\"><\/p> <ul><\/ul><\/div>\n<form action=\"\/index.php\/wp-json\/wp\/v2\/pages\/531#wpcf7-f169-o1\" method=\"post\" class=\"wpcf7-form init\" aria-label=\"Formulaire de contact\" novalidate=\"novalidate\" data-status=\"init\">\n<fieldset class=\"hidden-fields-container\"><input type=\"hidden\" name=\"_wpcf7\" value=\"169\" \/><input type=\"hidden\" name=\"_wpcf7_version\" value=\"6.1.5\" \/><input type=\"hidden\" name=\"_wpcf7_locale\" value=\"fr_FR\" \/><input type=\"hidden\" name=\"_wpcf7_unit_tag\" value=\"wpcf7-f169-o1\" \/><input type=\"hidden\" name=\"_wpcf7_container_post\" value=\"0\" \/><input type=\"hidden\" name=\"_wpcf7_posted_data_hash\" value=\"\" \/><input type=\"hidden\" name=\"_wpcf7_recaptcha_response\" value=\"\" \/>\n<\/fieldset>\n<p>Rappel sur l'utilisation de ce formulaire :<br \/>\nIl est r\u00e9serv\u00e9 uniquement aux demandes de travaux de r\u00e9paration et non aux d\u00e9marchages commerciaux, quels qu'ils soient.<br \/>\nMerci de votre compr\u00e9hension !\n<\/p>\n<p><label> Entreprise-Soci\u00e9t\u00e9<br \/>\n<span class=\"wpcf7-form-control-wrap\" data-name=\"entrprise\"><input size=\"40\" maxlength=\"400\" class=\"wpcf7-form-control wpcf7-text wpcf7-validates-as-required\" aria-required=\"true\" aria-invalid=\"false\" value=\"\" type=\"text\" name=\"entrprise\" \/><\/span> <\/label>\n<\/p>\n<p><label> Pr\u00e9nom<br \/>\n<span class=\"wpcf7-form-control-wrap\" data-name=\"your-surname\"><input size=\"40\" maxlength=\"400\" class=\"wpcf7-form-control wpcf7-text wpcf7-validates-as-required\" aria-required=\"true\" aria-invalid=\"false\" value=\"\" type=\"text\" name=\"your-surname\" \/><\/span> <\/label>\n<\/p>\n<p><label> Nom<br \/>\n<span class=\"wpcf7-form-control-wrap\" data-name=\"your-name\"><input size=\"40\" maxlength=\"400\" class=\"wpcf7-form-control wpcf7-text wpcf7-validates-as-required\" aria-required=\"true\" aria-invalid=\"false\" value=\"\" type=\"text\" name=\"your-name\" \/><\/span> <\/label>\n<\/p>\n<p><label> T\u00e9l\u00e9phone<br \/>\n<span class=\"wpcf7-form-control-wrap\" data-name=\"telephone\"><input size=\"40\" maxlength=\"400\" class=\"wpcf7-form-control wpcf7-text wpcf7-validates-as-required\" aria-required=\"true\" aria-invalid=\"false\" value=\"\" type=\"text\" name=\"telephone\" \/><\/span> <\/label>\n<\/p>\n<p><label> Votre adresse de messagerie<br \/>\n<span class=\"wpcf7-form-control-wrap\" data-name=\"your-email\"><input size=\"40\" maxlength=\"400\" class=\"wpcf7-form-control wpcf7-email wpcf7-validates-as-required wpcf7-text wpcf7-validates-as-email\" aria-required=\"true\" aria-invalid=\"false\" value=\"\" type=\"email\" name=\"your-email\" \/><\/span> <\/label>\n<\/p>\n<p><label> Votre message<br \/>\n<span class=\"wpcf7-form-control-wrap\" data-name=\"your-message\"><textarea cols=\"40\" rows=\"10\" maxlength=\"2000\" class=\"wpcf7-form-control wpcf7-textarea\" aria-invalid=\"false\" name=\"your-message\"><\/textarea><\/span> <\/label>\n<\/p>\n<p><span class=\"wpcf7-form-control-wrap\" data-name=\"checkbox-344\"><span class=\"wpcf7-form-control wpcf7-checkbox wpcf7-validates-as-required\"><span class=\"wpcf7-list-item first last\"><label><input type=\"checkbox\" name=\"checkbox-344[]\" value=\"Accceptez-vous les conditions relatives \u00e0 la norme RGPD ? \n En cochant cette case, j&#039;accepte que mes donn\u00e9es soient utilis\u00e9es et exploit\u00e9es afin de recevoir une r\u00e9ponse au message que je viens d&#039;envoyer ci-dessus, sur le site https:\/\/www.ladge.fr\/. Mes informations personnelles ne seront pas d\u00e9voil\u00e9es \u00e0 des tiers.\" \/><span class=\"wpcf7-list-item-label\">Accceptez-vous les conditions relatives \u00e0 la norme RGPD ? \n En cochant cette case, j&#039;accepte que mes donn\u00e9es soient utilis\u00e9es et exploit\u00e9es afin de recevoir une r\u00e9ponse au message que je viens d&#039;envoyer ci-dessus, sur le site https:\/\/www.ladge.fr\/. Mes informations personnelles ne seront pas d\u00e9voil\u00e9es \u00e0 des tiers.<\/span><\/label><\/span><\/span><\/span>\n<\/p>\n<p><input class=\"wpcf7-form-control wpcf7-submit has-spinner\" type=\"submit\" value=\"Envoyer\" \/>\n<\/p><div class=\"wpcf7-response-output\" aria-hidden=\"true\"><\/div>\n<\/form>\n<\/div>\n<\/div> <\/div> <div  class=\"contact-map-section-right\" data-content-shortcode=\"one_page_express_maps address=&quot;19 rue de Hombourg 57470 Guenviller&quot; zoom=&quot;35&quot;\" data-editable=\"true\">        <div class=\"ope-google-maps\" style=\"width:100%\">\n            <iframe style=\"width:100%; height:100%;min-height:inherit;display:block;\" src=\"https:\/\/www.google.com\/maps\/embed\/v1\/place?key=AIzaSyBsHz3PsQwod_eUZTymrVzX1dHcbU_WEA0&#038;q=19%20rue%20de%20Hombourg%2057470%20Guenviller&#038;zoom=7\"><\/iframe>\n        <\/div>\n    <\/div> <\/div><\/div>","protected":false},"excerpt":{"rendered":"<p>LADGE&nbsp;Les Al\u00e9sages Du Grand Est 19 rue de hombourg F-57470 GUENVILLER &nbsp; +33 (0)6. 41. 02. 84. 82 &nbsp; &nbsp;&nbsp; \ufeff<\/p>\n","protected":false},"author":1,"featured_media":0,"parent":0,"menu_order":0,"comment_status":"closed","ping_status":"closed","template":"full-width-page.php","meta":{"_themeisle_gutenberg_block_has_review":false,"footnotes":""},"class_list":["post-531","page","type-page","status-publish","hentry"],"yoast_head":"<!-- This site is optimized with the Yoast SEO plugin v27.3 - https:\/\/yoast.com\/product\/yoast-seo-wordpress\/ -->\n<title>Nous contacter - Soudure et rechargement LASER - usinage sur site<\/title>\n<meta name=\"description\" content=\"Vous souhaitez des informations sur la possibilit\u00e9 de micro soudure laser ou de l&#039;usinage sur site, contactez nous ici !\" \/>\n<meta name=\"robots\" content=\"index, follow, max-snippet:-1, max-image-preview:large, max-video-preview:-1\" \/>\n<link rel=\"canonical\" href=\"https:\/\/ladge.fr\/index.php\/nous-contacter\/\" \/>\n<meta property=\"og:locale\" content=\"fr_FR\" \/>\n<meta property=\"og:type\" content=\"article\" \/>\n<meta property=\"og:title\" content=\"Nous contacter - Soudure et rechargement LASER - usinage sur site\" \/>\n<meta property=\"og:description\" content=\"Vous souhaitez des informations sur la possibilit\u00e9 de micro soudure laser ou de l&#039;usinage sur site, contactez nous ici !\" \/>\n<meta property=\"og:url\" content=\"https:\/\/ladge.fr\/index.php\/nous-contacter\/\" \/>\n<meta property=\"og:site_name\" content=\"Soudure et rechargement LASER - usinage sur site\" \/>\n<meta property=\"article:modified_time\" content=\"2024-11-28T11:50:40+00:00\" \/>\n<meta name=\"twitter:card\" content=\"summary_large_image\" \/>\n<meta name=\"twitter:label1\" content=\"Dur\u00e9e de lecture estim\u00e9e\" \/>\n\t<meta name=\"twitter:data1\" content=\"1 minute\" \/>\n<script type=\"application\/ld+json\" class=\"yoast-schema-graph\">{\"@context\":\"https:\\\/\\\/schema.org\",\"@graph\":[{\"@type\":\"WebPage\",\"@id\":\"https:\\\/\\\/ladge.fr\\\/index.php\\\/nous-contacter\\\/\",\"url\":\"https:\\\/\\\/ladge.fr\\\/index.php\\\/nous-contacter\\\/\",\"name\":\"Nous contacter - Soudure et rechargement LASER - usinage sur site\",\"isPartOf\":{\"@id\":\"https:\\\/\\\/ladge.fr\\\/#website\"},\"datePublished\":\"2019-09-13T06:03:09+00:00\",\"dateModified\":\"2024-11-28T11:50:40+00:00\",\"description\":\"Vous souhaitez des informations sur la possibilit\u00e9 de micro soudure laser ou de l'usinage sur site, contactez nous ici !\",\"breadcrumb\":{\"@id\":\"https:\\\/\\\/ladge.fr\\\/index.php\\\/nous-contacter\\\/#breadcrumb\"},\"inLanguage\":\"fr-FR\",\"potentialAction\":[{\"@type\":\"ReadAction\",\"target\":[\"https:\\\/\\\/ladge.fr\\\/index.php\\\/nous-contacter\\\/\"]}]},{\"@type\":\"BreadcrumbList\",\"@id\":\"https:\\\/\\\/ladge.fr\\\/index.php\\\/nous-contacter\\\/#breadcrumb\",\"itemListElement\":[{\"@type\":\"ListItem\",\"position\":1,\"name\":\"Accueil\",\"item\":\"https:\\\/\\\/ladge.fr\\\/\"},{\"@type\":\"ListItem\",\"position\":2,\"name\":\"Nous contacter\"}]},{\"@type\":\"WebSite\",\"@id\":\"https:\\\/\\\/ladge.fr\\\/#website\",\"url\":\"https:\\\/\\\/ladge.fr\\\/\",\"name\":\"Soudure et rechargement LASER - Usinage sur site\",\"description\":\"\",\"publisher\":{\"@id\":\"https:\\\/\\\/ladge.fr\\\/#organization\"},\"alternateName\":\"LADGE\",\"potentialAction\":[{\"@type\":\"SearchAction\",\"target\":{\"@type\":\"EntryPoint\",\"urlTemplate\":\"https:\\\/\\\/ladge.fr\\\/?s={search_term_string}\"},\"query-input\":{\"@type\":\"PropertyValueSpecification\",\"valueRequired\":true,\"valueName\":\"search_term_string\"}}],\"inLanguage\":\"fr-FR\"},{\"@type\":\"Organization\",\"@id\":\"https:\\\/\\\/ladge.fr\\\/#organization\",\"name\":\"Soudure et rechargement LASER - Usinage sur site\",\"alternateName\":\"LADGE\",\"url\":\"https:\\\/\\\/ladge.fr\\\/\",\"logo\":{\"@type\":\"ImageObject\",\"inLanguage\":\"fr-FR\",\"@id\":\"https:\\\/\\\/ladge.fr\\\/#\\\/schema\\\/logo\\\/image\\\/\",\"url\":\"https:\\\/\\\/ladge.fr\\\/wp-content\\\/uploads\\\/2022\\\/12\\\/Logo-LADGE.png\",\"contentUrl\":\"https:\\\/\\\/ladge.fr\\\/wp-content\\\/uploads\\\/2022\\\/12\\\/Logo-LADGE.png\",\"width\":2292,\"height\":1288,\"caption\":\"Soudure et rechargement LASER - Usinage sur site\"},\"image\":{\"@id\":\"https:\\\/\\\/ladge.fr\\\/#\\\/schema\\\/logo\\\/image\\\/\"}}]}<\/script>\n<!-- \/ Yoast SEO plugin. -->","yoast_head_json":{"title":"Nous contacter - Soudure et rechargement LASER - usinage sur site","description":"Vous souhaitez des informations sur la possibilit\u00e9 de micro soudure laser ou de l'usinage sur site, contactez nous ici !","robots":{"index":"index","follow":"follow","max-snippet":"max-snippet:-1","max-image-preview":"max-image-preview:large","max-video-preview":"max-video-preview:-1"},"canonical":"https:\/\/ladge.fr\/index.php\/nous-contacter\/","og_locale":"fr_FR","og_type":"article","og_title":"Nous contacter - Soudure et rechargement LASER - usinage sur site","og_description":"Vous souhaitez des informations sur la possibilit\u00e9 de micro soudure laser ou de l'usinage sur site, contactez nous ici !","og_url":"https:\/\/ladge.fr\/index.php\/nous-contacter\/","og_site_name":"Soudure et rechargement LASER - usinage sur site","article_modified_time":"2024-11-28T11:50:40+00:00","twitter_card":"summary_large_image","twitter_misc":{"Dur\u00e9e de lecture estim\u00e9e":"1 minute"},"schema":{"@context":"https:\/\/schema.org","@graph":[{"@type":"WebPage","@id":"https:\/\/ladge.fr\/index.php\/nous-contacter\/","url":"https:\/\/ladge.fr\/index.php\/nous-contacter\/","name":"Nous contacter - Soudure et rechargement LASER - usinage sur site","isPartOf":{"@id":"https:\/\/ladge.fr\/#website"},"datePublished":"2019-09-13T06:03:09+00:00","dateModified":"2024-11-28T11:50:40+00:00","description":"Vous souhaitez des informations sur la possibilit\u00e9 de micro soudure laser ou de l'usinage sur site, contactez nous ici !","breadcrumb":{"@id":"https:\/\/ladge.fr\/index.php\/nous-contacter\/#breadcrumb"},"inLanguage":"fr-FR","potentialAction":[{"@type":"ReadAction","target":["https:\/\/ladge.fr\/index.php\/nous-contacter\/"]}]},{"@type":"BreadcrumbList","@id":"https:\/\/ladge.fr\/index.php\/nous-contacter\/#breadcrumb","itemListElement":[{"@type":"ListItem","position":1,"name":"Accueil","item":"https:\/\/ladge.fr\/"},{"@type":"ListItem","position":2,"name":"Nous contacter"}]},{"@type":"WebSite","@id":"https:\/\/ladge.fr\/#website","url":"https:\/\/ladge.fr\/","name":"Soudure et rechargement LASER - Usinage sur site","description":"","publisher":{"@id":"https:\/\/ladge.fr\/#organization"},"alternateName":"LADGE","potentialAction":[{"@type":"SearchAction","target":{"@type":"EntryPoint","urlTemplate":"https:\/\/ladge.fr\/?s={search_term_string}"},"query-input":{"@type":"PropertyValueSpecification","valueRequired":true,"valueName":"search_term_string"}}],"inLanguage":"fr-FR"},{"@type":"Organization","@id":"https:\/\/ladge.fr\/#organization","name":"Soudure et rechargement LASER - Usinage sur site","alternateName":"LADGE","url":"https:\/\/ladge.fr\/","logo":{"@type":"ImageObject","inLanguage":"fr-FR","@id":"https:\/\/ladge.fr\/#\/schema\/logo\/image\/","url":"https:\/\/ladge.fr\/wp-content\/uploads\/2022\/12\/Logo-LADGE.png","contentUrl":"https:\/\/ladge.fr\/wp-content\/uploads\/2022\/12\/Logo-LADGE.png","width":2292,"height":1288,"caption":"Soudure et rechargement LASER - Usinage sur site"},"image":{"@id":"https:\/\/ladge.fr\/#\/schema\/logo\/image\/"}}]}},"_links":{"self":[{"href":"https:\/\/ladge.fr\/index.php\/wp-json\/wp\/v2\/pages\/531","targetHints":{"allow":["GET"]}}],"collection":[{"href":"https:\/\/ladge.fr\/index.php\/wp-json\/wp\/v2\/pages"}],"about":[{"href":"https:\/\/ladge.fr\/index.php\/wp-json\/wp\/v2\/types\/page"}],"author":[{"embeddable":true,"href":"https:\/\/ladge.fr\/index.php\/wp-json\/wp\/v2\/users\/1"}],"replies":[{"embeddable":true,"href":"https:\/\/ladge.fr\/index.php\/wp-json\/wp\/v2\/comments?post=531"}],"version-history":[{"count":11,"href":"https:\/\/ladge.fr\/index.php\/wp-json\/wp\/v2\/pages\/531\/revisions"}],"predecessor-version":[{"id":1705,"href":"https:\/\/ladge.fr\/index.php\/wp-json\/wp\/v2\/pages\/531\/revisions\/1705"}],"wp:attachment":[{"href":"https:\/\/ladge.fr\/index.php\/wp-json\/wp\/v2\/media?parent=531"}],"curies":[{"name":"wp","href":"https:\/\/api.w.org\/{rel}","templated":true}]}}