{"id":5,"date":"2019-06-30T21:05:08","date_gmt":"2019-06-30T19:05:08","guid":{"rendered":"http:\/\/ladge.fr\/index.php\/one-page-express\/"},"modified":"2025-10-14T14:58:42","modified_gmt":"2025-10-14T12:58:42","slug":"accueil-micro-soudure","status":"publish","type":"page","link":"https:\/\/ladge.fr\/","title":{"rendered":"Front Page"},"content":{"rendered":"<div  data-label=\"Soudure Laser\" data-id=\"content-image-left\" data-category=\"content\" class=\"content-left-image-section content-image-left\" id=\"soudure-laser\" style=\"background-color: rgb(246, 246, 246); background-image: none;\" data-ovid=\"ovid-soudure-laser-1596\"> <div  class=\"gridContainer\"> <div  class=\"row\"> <div  class=\"content-left-image-imgcol\" data-type=\"column\"> <img  decoding=\"async\" src=\"https:\/\/ladge.fr\/wp-content\/uploads\/2022\/12\/Capture-decran-2022-12-28-a-21.27.36.png\" class=\"\" alt=\"LADGE: R\u00e9paration moule d'injection soudure laser\"> <\/div> <div  class=\"content-left-image-textcol dynamic-color\" data-type=\"column\"> <h2  class=\"\">Soudure et rechargement laser<\/h2> <p  class=\"large_text\">Le proc\u00e9d\u00e9 laser permet la r\u00e9alisation de soudures fines et sans d\u00e9formations. Id\u00e9al pour les pi\u00e8ces \u00e0 fortes valeurs ajout\u00e9es.\n\n\n<br ><br >Aciers alli\u00e9s de 20 \u00e0 60 Hrc, Aluminium, Inox, Cuivre, Bronze, Titane, Nickel, Ampco\u2026<br ><br ><span  style=\"text-decoration: underline;\">Secteurs d\u2019activit\u00e9s :<\/span>\n<br >Industrie, Sid\u00e9rurgie, Assemblage de pi\u00e8ces, auto-moto, outils coupants, injection plastique et aluminium\u2026<\/p> <a  class=\"button color2\" href=\"https:\/\/ladge.fr\/index.php\/soudure-laser\" target=\"_self\" data-icon=\"\" rel=\"noopener\"> Plus d\u2019informations <\/a> <\/div> <\/div> <\/div> <\/div><div  data-label=\"Usinage sur site\" data-id=\"content-image-right-1\" data-category=\"content\" class=\"content-right-image-section content-image-right-1\" id=\"usinage-sur-site\" style=\"background-color: rgb(246, 246, 246); background-image: none;\" data-ovid=\"ovid-usinage-sur-site-4331\"> <div  class=\"gridContainer\"> <div  class=\"content-right-image-gridcol\"> <div  class=\"content-right-image-textcol dynamic-color\" data-type=\"column\"> <h2  class=\"\">Usinage sur site<\/h2> <p  class=\"large_text\">Nous rem\u00e9ttons en \u00e9tat d\u2019origine avec rechargement de mati\u00e8re, les al\u00e9sages d\u00e9terior\u00e9s.<br >R\u00e9paration d\u2019al\u00e9sage de 25 \u00e0 400mm de diam\u00e8tre.\n\n<br ><br ><span  style=\"text-decoration: underline;\">Secteurs d\u2019activit\u00e9s :<\/span><br >Industrie, Agricole, Engins travaux publics, Ferroviaire, Sid\u00e9rurgie, P\u00e9trochimie, carri\u00e8re\u2026<\/p> <a  class=\"button color2\" href=\"https:\/\/ladge.fr\/index.php\/usinage-sur-site\" target=\"_self\" data-icon=\"\" rel=\"noopener\"> Plus d\u2019informations <\/a> <\/div> <div  class=\"content-right-image-imgcol\" data-type=\"column\"> <img  decoding=\"async\" src=\"https:\/\/ladge.fr\/wp-content\/uploads\/2022\/01\/IMG_1613.jpg\" class=\"\" alt=\"\"> <\/div> <\/div> <\/div> <\/div><div  data-label=\"Cta\" data-id=\"cta-centered-section-grid\" data-category=\"cta\" class=\"cta-centered-section white-text cta-centered-section-grid\" id=\"cta-2\"> <div  class=\"gridContainer\"> <div  class=\"row\"> <div  class=\"cta-centered-section-col dynamic-color\" data-type=\"column\"> <h3  class=\"cta-centered-section-tite\"><span  class=\"span28\" href=\"#\">France, Luxembourg &amp; Belgique<\/span><\/h3> <p  class=\"cta-centered-section-text\">Pour plus d\u2019informations <\/p> <a  class=\"button big color3 dark-text\" href=\"https:\/\/ladge.fr\/index.php\/nous-contacter\" target=\"_self\" data-icon=\"\" rel=\"noopener\"> Contactez nous <\/a> <\/div> <\/div> <\/div> <\/div>","protected":false},"excerpt":{"rendered":"<p>Soudure et rechargement laser Le proc\u00e9d\u00e9 laser permet la r\u00e9alisation de soudures fines et sans d\u00e9formations. Id\u00e9al pour les pi\u00e8ces \u00e0 fortes valeurs ajout\u00e9es. Aciers alli\u00e9s de 20 \u00e0 60 Hrc, Aluminium, Inox, Cuivre, Bronze, Titane, Nickel, Ampco\u2026Secteurs d\u2019activit\u00e9s : Industrie, Sid\u00e9rurgie, Assemblage de pi\u00e8ces, auto-moto, outils coupants, injection plastique et aluminium\u2026 Plus d\u2019informations Usinage&hellip; <br \/> <a class=\"button small blue\" href=\"https:\/\/ladge.fr\/index.php\/2019\/06\/30\/bonjour-tout-le-monde\/\">Lire la suite<\/a><\/p>\n","protected":false},"author":1,"featured_media":0,"parent":0,"menu_order":0,"comment_status":"closed","ping_status":"closed","template":"full-width-page.php","meta":{"_themeisle_gutenberg_block_has_review":false,"footnotes":""},"class_list":["post-5","page","type-page","status-publish","hentry"],"yoast_head":"<!-- This site is optimized with the Yoast SEO plugin v27.3 - https:\/\/yoast.com\/product\/yoast-seo-wordpress\/ -->\n<title>Soudure et rechargement LASER - Usinage sur site<\/title>\n<meta name=\"description\" content=\"Soudure tout type de m\u00e9taux: Acier, Inox, Aluminum - usinage sur site engins TP, Industrie, ferroviaire. intervention sur site\" \/>\n<meta name=\"robots\" content=\"index, follow, max-snippet:-1, max-image-preview:large, max-video-preview:-1\" \/>\n<link rel=\"canonical\" href=\"https:\/\/ladge.fr\/\" \/>\n<meta property=\"og:locale\" content=\"fr_FR\" \/>\n<meta property=\"og:type\" content=\"article\" \/>\n<meta property=\"og:title\" content=\"Soudure et rechargement LASER - Usinage sur site\" \/>\n<meta property=\"og:description\" content=\"Soudure tout type de m\u00e9taux: Acier, Inox, Aluminum - usinage sur site engins TP, Industrie, ferroviaire. intervention sur site\" \/>\n<meta property=\"og:url\" content=\"https:\/\/ladge.fr\/\" \/>\n<meta property=\"og:site_name\" content=\"Soudure et rechargement LASER - usinage sur site\" \/>\n<meta property=\"article:modified_time\" content=\"2025-10-14T12:58:42+00:00\" \/>\n<meta property=\"og:image\" content=\"https:\/\/ladge.fr\/wp-content\/uploads\/2022\/12\/Capture-decran-2022-12-28-a-21.27.36.png\" \/>\n<meta name=\"twitter:card\" content=\"summary_large_image\" \/>\n<meta name=\"twitter:label1\" content=\"Dur\u00e9e de lecture estim\u00e9e\" \/>\n\t<meta name=\"twitter:data1\" content=\"1 minute\" \/>\n<script type=\"application\/ld+json\" class=\"yoast-schema-graph\">{\"@context\":\"https:\\\/\\\/schema.org\",\"@graph\":[{\"@type\":\"WebPage\",\"@id\":\"https:\\\/\\\/ladge.fr\\\/\",\"url\":\"https:\\\/\\\/ladge.fr\\\/\",\"name\":\"Soudure et rechargement LASER - Usinage sur site\",\"isPartOf\":{\"@id\":\"https:\\\/\\\/ladge.fr\\\/#website\"},\"primaryImageOfPage\":{\"@id\":\"https:\\\/\\\/ladge.fr\\\/#primaryimage\"},\"image\":{\"@id\":\"https:\\\/\\\/ladge.fr\\\/#primaryimage\"},\"thumbnailUrl\":\"https:\\\/\\\/ladge.fr\\\/wp-content\\\/uploads\\\/2022\\\/12\\\/Capture-decran-2022-12-28-a-21.27.36.png\",\"datePublished\":\"2019-06-30T19:05:08+00:00\",\"dateModified\":\"2025-10-14T12:58:42+00:00\",\"description\":\"Soudure tout type de m\u00e9taux: Acier, Inox, Aluminum - usinage sur site engins TP, Industrie, ferroviaire. intervention sur site\",\"breadcrumb\":{\"@id\":\"https:\\\/\\\/ladge.fr\\\/#breadcrumb\"},\"inLanguage\":\"fr-FR\",\"potentialAction\":[{\"@type\":\"ReadAction\",\"target\":[\"https:\\\/\\\/ladge.fr\\\/\"]}]},{\"@type\":\"ImageObject\",\"inLanguage\":\"fr-FR\",\"@id\":\"https:\\\/\\\/ladge.fr\\\/#primaryimage\",\"url\":\"https:\\\/\\\/ladge.fr\\\/wp-content\\\/uploads\\\/2022\\\/12\\\/Capture-decran-2022-12-28-a-21.27.36.png\",\"contentUrl\":\"https:\\\/\\\/ladge.fr\\\/wp-content\\\/uploads\\\/2022\\\/12\\\/Capture-decran-2022-12-28-a-21.27.36.png\",\"width\":916,\"height\":554,\"caption\":\"LADGE: R\u00e9paration moule d'injection soudure laser\"},{\"@type\":\"BreadcrumbList\",\"@id\":\"https:\\\/\\\/ladge.fr\\\/#breadcrumb\",\"itemListElement\":[{\"@type\":\"ListItem\",\"position\":1,\"name\":\"Accueil\",\"item\":\"https:\\\/\\\/ladge.fr\\\/\"},{\"@type\":\"ListItem\",\"position\":2,\"name\":\"Front Page\"}]},{\"@type\":\"WebSite\",\"@id\":\"https:\\\/\\\/ladge.fr\\\/#website\",\"url\":\"https:\\\/\\\/ladge.fr\\\/\",\"name\":\"Soudure et rechargement LASER - Usinage sur site\",\"description\":\"\",\"publisher\":{\"@id\":\"https:\\\/\\\/ladge.fr\\\/#organization\"},\"alternateName\":\"LADGE\",\"potentialAction\":[{\"@type\":\"SearchAction\",\"target\":{\"@type\":\"EntryPoint\",\"urlTemplate\":\"https:\\\/\\\/ladge.fr\\\/?s={search_term_string}\"},\"query-input\":{\"@type\":\"PropertyValueSpecification\",\"valueRequired\":true,\"valueName\":\"search_term_string\"}}],\"inLanguage\":\"fr-FR\"},{\"@type\":\"Organization\",\"@id\":\"https:\\\/\\\/ladge.fr\\\/#organization\",\"name\":\"Soudure et rechargement LASER - Usinage sur site\",\"alternateName\":\"LADGE\",\"url\":\"https:\\\/\\\/ladge.fr\\\/\",\"logo\":{\"@type\":\"ImageObject\",\"inLanguage\":\"fr-FR\",\"@id\":\"https:\\\/\\\/ladge.fr\\\/#\\\/schema\\\/logo\\\/image\\\/\",\"url\":\"https:\\\/\\\/ladge.fr\\\/wp-content\\\/uploads\\\/2022\\\/12\\\/Logo-LADGE.png\",\"contentUrl\":\"https:\\\/\\\/ladge.fr\\\/wp-content\\\/uploads\\\/2022\\\/12\\\/Logo-LADGE.png\",\"width\":2292,\"height\":1288,\"caption\":\"Soudure et rechargement LASER - Usinage sur site\"},\"image\":{\"@id\":\"https:\\\/\\\/ladge.fr\\\/#\\\/schema\\\/logo\\\/image\\\/\"}}]}<\/script>\n<!-- \/ Yoast SEO plugin. -->","yoast_head_json":{"title":"Soudure et rechargement LASER - Usinage sur site","description":"Soudure tout type de m\u00e9taux: Acier, Inox, Aluminum - usinage sur site engins TP, Industrie, ferroviaire. intervention sur site","robots":{"index":"index","follow":"follow","max-snippet":"max-snippet:-1","max-image-preview":"max-image-preview:large","max-video-preview":"max-video-preview:-1"},"canonical":"https:\/\/ladge.fr\/","og_locale":"fr_FR","og_type":"article","og_title":"Soudure et rechargement LASER - Usinage sur site","og_description":"Soudure tout type de m\u00e9taux: Acier, Inox, Aluminum - usinage sur site engins TP, Industrie, ferroviaire. intervention sur site","og_url":"https:\/\/ladge.fr\/","og_site_name":"Soudure et rechargement LASER - usinage sur site","article_modified_time":"2025-10-14T12:58:42+00:00","og_image":[{"url":"https:\/\/ladge.fr\/wp-content\/uploads\/2022\/12\/Capture-decran-2022-12-28-a-21.27.36.png","type":"","width":"","height":""}],"twitter_card":"summary_large_image","twitter_misc":{"Dur\u00e9e de lecture estim\u00e9e":"1 minute"},"schema":{"@context":"https:\/\/schema.org","@graph":[{"@type":"WebPage","@id":"https:\/\/ladge.fr\/","url":"https:\/\/ladge.fr\/","name":"Soudure et rechargement LASER - Usinage sur site","isPartOf":{"@id":"https:\/\/ladge.fr\/#website"},"primaryImageOfPage":{"@id":"https:\/\/ladge.fr\/#primaryimage"},"image":{"@id":"https:\/\/ladge.fr\/#primaryimage"},"thumbnailUrl":"https:\/\/ladge.fr\/wp-content\/uploads\/2022\/12\/Capture-decran-2022-12-28-a-21.27.36.png","datePublished":"2019-06-30T19:05:08+00:00","dateModified":"2025-10-14T12:58:42+00:00","description":"Soudure tout type de m\u00e9taux: Acier, Inox, Aluminum - usinage sur site engins TP, Industrie, ferroviaire. intervention sur site","breadcrumb":{"@id":"https:\/\/ladge.fr\/#breadcrumb"},"inLanguage":"fr-FR","potentialAction":[{"@type":"ReadAction","target":["https:\/\/ladge.fr\/"]}]},{"@type":"ImageObject","inLanguage":"fr-FR","@id":"https:\/\/ladge.fr\/#primaryimage","url":"https:\/\/ladge.fr\/wp-content\/uploads\/2022\/12\/Capture-decran-2022-12-28-a-21.27.36.png","contentUrl":"https:\/\/ladge.fr\/wp-content\/uploads\/2022\/12\/Capture-decran-2022-12-28-a-21.27.36.png","width":916,"height":554,"caption":"LADGE: R\u00e9paration moule d'injection soudure laser"},{"@type":"BreadcrumbList","@id":"https:\/\/ladge.fr\/#breadcrumb","itemListElement":[{"@type":"ListItem","position":1,"name":"Accueil","item":"https:\/\/ladge.fr\/"},{"@type":"ListItem","position":2,"name":"Front Page"}]},{"@type":"WebSite","@id":"https:\/\/ladge.fr\/#website","url":"https:\/\/ladge.fr\/","name":"Soudure et rechargement LASER - Usinage sur site","description":"","publisher":{"@id":"https:\/\/ladge.fr\/#organization"},"alternateName":"LADGE","potentialAction":[{"@type":"SearchAction","target":{"@type":"EntryPoint","urlTemplate":"https:\/\/ladge.fr\/?s={search_term_string}"},"query-input":{"@type":"PropertyValueSpecification","valueRequired":true,"valueName":"search_term_string"}}],"inLanguage":"fr-FR"},{"@type":"Organization","@id":"https:\/\/ladge.fr\/#organization","name":"Soudure et rechargement LASER - Usinage sur site","alternateName":"LADGE","url":"https:\/\/ladge.fr\/","logo":{"@type":"ImageObject","inLanguage":"fr-FR","@id":"https:\/\/ladge.fr\/#\/schema\/logo\/image\/","url":"https:\/\/ladge.fr\/wp-content\/uploads\/2022\/12\/Logo-LADGE.png","contentUrl":"https:\/\/ladge.fr\/wp-content\/uploads\/2022\/12\/Logo-LADGE.png","width":2292,"height":1288,"caption":"Soudure et rechargement LASER - Usinage sur site"},"image":{"@id":"https:\/\/ladge.fr\/#\/schema\/logo\/image\/"}}]}},"_links":{"self":[{"href":"https:\/\/ladge.fr\/index.php\/wp-json\/wp\/v2\/pages\/5","targetHints":{"allow":["GET"]}}],"collection":[{"href":"https:\/\/ladge.fr\/index.php\/wp-json\/wp\/v2\/pages"}],"about":[{"href":"https:\/\/ladge.fr\/index.php\/wp-json\/wp\/v2\/types\/page"}],"author":[{"embeddable":true,"href":"https:\/\/ladge.fr\/index.php\/wp-json\/wp\/v2\/users\/1"}],"replies":[{"embeddable":true,"href":"https:\/\/ladge.fr\/index.php\/wp-json\/wp\/v2\/comments?post=5"}],"version-history":[{"count":308,"href":"https:\/\/ladge.fr\/index.php\/wp-json\/wp\/v2\/pages\/5\/revisions"}],"predecessor-version":[{"id":2669,"href":"https:\/\/ladge.fr\/index.php\/wp-json\/wp\/v2\/pages\/5\/revisions\/2669"}],"wp:attachment":[{"href":"https:\/\/ladge.fr\/index.php\/wp-json\/wp\/v2\/media?parent=5"}],"curies":[{"name":"wp","href":"https:\/\/api.w.org\/{rel}","templated":true}]}}