{"id":1165,"date":"2022-12-29T10:26:49","date_gmt":"2022-12-29T09:26:49","guid":{"rendered":"https:\/\/ladge.fr\/?page_id=1165"},"modified":"2025-10-14T14:40:55","modified_gmt":"2025-10-14T12:40:55","slug":"soudure-laser","status":"publish","type":"page","link":"https:\/\/ladge.fr\/index.php\/soudure-laser\/","title":{"rendered":"Soudure laser"},"content":{"rendered":"<div  data-label=\"Content\" data-id=\"content-image-right\" data-category=\"content\" class=\"content-right-image-section content-image-right\" id=\"content-4\" style=\"background-color: rgb(255, 255, 255); background-image: none;\" data-ovid=\"ovid-content-4-471\"> <div  class=\"gridContainer\"> <div  class=\"content-right-image-gridcol\"> <div  class=\"content-right-image-textcol dynamic-color\" data-type=\"column\"> <h2  class=\"\"><span  id=\"_mce_caret\" data-mce-bogus=\"1\" data-mce-type=\"format-caret\"><span  style=\"font-family: Montserrat, arial, helvetica, sans-serif;\"><span  style=\"font-weight: 200;\">&nbsp;Soudure et rechargement &nbsp;laser<\/span><\/span><\/span><\/h2> <p  class=\"large_text\"> Avec la conjoncture actuelle et l\u2019augmentation de co\u00fbts de fabrication, certaines pi\u00e8ces deviennent de plus en plus honereuses \u00e0 reproduire.<br ><br >Gr\u00e2ce \u00e0 notre savoir faire en soudure laser et en reprise il nous est possible de recharger diff\u00e9rents mat\u00e9riaux sans d\u00e9formation, ni alt\u00e9ration.\n<br ><br >Ainsi les co\u00fbts sont diminu\u00e9s, et la qualit\u00e9 respect\u00e9e.<\/p>  <\/div> <div  class=\"content-right-image-imgcol\" data-type=\"column\"> <img  decoding=\"async\" src=\"https:\/\/ladge.fr\/wp-content\/uploads\/2024\/09\/SOUDURE-LASER-OUTILLAGE.jpeg\" class=\"\" alt=\"SOUDURE LASER AXE\"> <\/div> <\/div> <\/div> <\/div><div  data-label=\"Overlapable\" data-id=\"stripped-features-image-cards-section\" data-category=\"overlapable\" data-=\"\" class=\"features-image-cards-section stripped-features-image-cards-section content-relative\" data-overlap=\"true\" id=\"overlapable-3\" style=\"background-color: rgb(255, 255, 255); background-image: none;\" data-ovid=\"ovid-overlapable-3-728\"> <div  class=\"gridContainer\"> <div  class=\"features-image-cards-innerrow flexbox-list\" data-type=\"row\"> <div  class=\"features-image-cards-cardcol cp6cols-tablet cp6cols\"> <div  class=\"features-image-cards-cardrow\"><img  decoding=\"async\" class=\"features-image-cards-featimg\" src=\"https:\/\/ladge.fr\/wp-content\/uploads\/2022\/12\/Capture-decran-2022-12-29-a-11.37.02.png\" alt=\"\"> <div  class=\"features-image-cards-cardtextrow\" data-type=\"column\"> <h4  class=\"\">Les applications<\/h4> <p  class=\"\">\u279c R\u00e9paration et modification de tous vos outillages et moules m\u00e9talliques (injection de mati\u00e8res plastiques, sous pression d\u2019aluminium, magn\u00e9sium, zamak, etc ).\n\n\n\n<br ><br >\u279c Rechargement et r\u00e9paration d\u2019outils ( d\u2019emboutissage, de pliage, de forge, etc ).\n\n\n<br ><br >\u279c Rechargement et r\u00e9paration d\u2019outils et de fili\u00e8res d\u2019extrusion.\n\n\n<br ><br >\u279c Rechargement et r\u00e9paration de noyaux poules moules d\u2019injection.\n\n\n<br ><br >\u279c R\u00e9paration d\u2019arr\u00eates et plan de joints.\n\n\n<br ><br >\u279c R\u00e9alisation de bossage ( \u00e9volution de forme ) en soudure.\n\n\n<br ><br >\u279c Marquage sur pi\u00e8ce par soudure.<\/p> <hr  class=\"features-image-cards-separator\"> <h4  class=\"\">Les domaines d\u2019activit\u00e9s<\/h4><p  class=\"\">&nbsp;\u25a0 Industrie\n<br ><br >&nbsp;\u25a0 Automobile\n<br ><br >&nbsp;\u25a0 P\u00e9tro-chimie\n<br ><br >&nbsp;\u25a0 A\u00e9rospaciale\n<br ><br >&nbsp;\u25a0 Bijouterie\n<br ><br >&nbsp;\u25a0 M\u00e9dical\n<br ><br >&nbsp;\u25a0 M\u00e9canique &amp; Micro m\u00e9canqiue<\/p><\/div> <\/div> <\/div>  <div  class=\"features-image-cards-cardcol cp6cols-tablet cp6cols\"> <div  class=\"features-image-cards-cardrow\"><img  decoding=\"async\" class=\"features-image-cards-featimg\" src=\"https:\/\/ladge.fr\/wp-content\/uploads\/2022\/12\/Capture-decran-2022-12-29-a-07.52.28.png\" alt=\"\"> <div  class=\"features-image-cards-cardtextrow\" data-type=\"column\"> <h4  class=\"\">Les autres possibilit\u00e9s<\/h4> <p  class=\"\">\u279c Assemblage pr\u00e9cis et complexe de pi\u00e8ces.\n<br >\n<br >\u279c Assemblage de composants fragile.\n<br ><br >\n\u279c R\u00e9paration de pi\u00e8ces en alliage d\u2019aluminium.\n<br ><br >\n\n\u279c Rechargement de plusieurs nuances de m\u00e9taux.\n<br ><br >\n\u279c R\u00e9paration d\u2019outillages pour machines outils.\n<br ><br >\n\u279c Rechargement d\u2019\u00e9lectrodes en cuivre.\n<br ><br >\n\u279c Rechargement de pi\u00e8ces \u00e0 forte valeur ajout\u00e9e.\n<br ><br >\n\u279c Rechargement pi\u00e8ces avec m\u00e9tal d\u2019apport plus r\u00e9sistant que le support.\n<br ><br >\n\u279c Rechargement de pi\u00e8ces suite \u00e0 une erreur d\u2019usinage.\n<br ><br >\n\u279c Construction ou modification de pi\u00e8ces par soudure.\n<br ><br >\n\u279c R\u00e9paration de pi\u00e8ces plus fabriqu\u00e9es ( v\u00e9hicule de collection )\n<br ><br >\n\u279c R\u00e9paration de proth\u00e8ses dentaire ( avec fil d\u2019apport sp\u00e9cifique )\n<br ><br >\n\u279c R\u00e9paration de pi\u00e8ces de bijouterie.\n<br ><br >\n\u279c Extraction de micro vis bloqu\u00e9es ( type t\u00e9l\u00e9phonie )\n<br ><br >\n<\/p>  <\/div> <\/div> <\/div> <\/div> <\/div><\/div><div  data-label=\"Overlapable\" data-id=\"stripped-features-image-cards-section-1\" data-category=\"overlapable\" data-=\"\" class=\"features-image-cards-section stripped-features-image-cards-section-1\" data-overlap=\"true\" id=\"overlapable-1\" style=\"background-color: rgb(255, 255, 255); background-image: none;\" data-ovid=\"ovid-overlapable-1-5001\"> <div  class=\"gridContainer\"> <div  class=\"features-image-cards-innerrow flexbox-list\" data-type=\"row\"> <div  class=\"features-image-cards-cardcol cp6cols-tablet cp6cols\"> <div  class=\"features-image-cards-cardrow\"><img  decoding=\"async\" class=\"features-image-cards-featimg\" src=\"https:\/\/ladge.fr\/wp-content\/uploads\/2022\/12\/Laser-372.jpg\" alt=\"R\u00e9paration laser moules d'injections\"> <div  class=\"features-image-cards-cardtextrow\" data-type=\"column\"> <h4  class=\"\">Les Avantages<\/h4> <p  class=\"\">\u279c Soudure entre 0,2mm et 2mm de largeur<br ><br >\u279c Excellente liaison entre les mat\u00e9riaux.\n\n\n<br ><br >\u279c Zone affect\u00e9e thermiquement tr\u00e8s r\u00e9duite ( chauffe l\u00e9g\u00e8re ).\n\n<br ><br >\u279c Grande pr\u00e9cision sur le point \u00e0 recharger ou \u00e0 souder ( dixi\u00e8me de millim\u00e8tre).\n<br ><br >\n\u279c Possibilit\u00e9 de recharger et de souder diff\u00e9rentes mati\u00e8res Inox, Aciers, Aluminium, Bronze\u2026\n<br ><br >\n\u279c Tr\u00e8s peu de reprise apr\u00e8s soudure.\n<br ><br >\n\u279c Absence de d\u00e9formation des pi\u00e8ces apr\u00e8s soudure m\u00e8me pour les fines \u00e9paisseurs.\n<br ><br >\n\u279c Soudure lisse et r\u00e9guli\u00e8re ( aspect esth\u00e9tique de la soudure).\n<br ><br >\n\u279c Pas de projections.\n<br ><br >\u279c Grande capacit\u00e9 \u00e0 recharger des fonds de gorge et logement ( inf\u00e9rieur \u00e0 2 mm.)\n<br ><br >\n\u279c M\u00e9taux sp\u00e9cifiques pour caract\u00e9ristiques m\u00e9tallurgiques conserv\u00e9es.\n<br ><br >\n\u279c Grande capacit\u00e9 \u00e0 adapter la recharge au d\u00e9faut.<\/p> <hr  class=\"features-image-cards-separator\"> <\/div> <\/div> <\/div> <div  class=\"features-image-cards-cardcol cp6cols-tablet cp6cols\"> <div  class=\"features-image-cards-cardrow\"><img  decoding=\"async\" class=\"features-image-cards-featimg\" src=\"https:\/\/ladge.fr\/wp-content\/uploads\/2022\/12\/Laser-172.jpg\" alt=\"R\u00e9paration laser moules d'injections\"> <div  class=\"features-image-cards-cardtextrow\" data-type=\"column\"> <h4  class=\"\">Les m\u00e9taux d\u2019apport<\/h4> <p  class=\"\">\u25a0 Alliages d\u2019acier \u00e0 outils : moules m\u00e9talliques d\u2019injection, outils de d\u00e9coupe, d\u2019extrusion,matrices de forge, matrices d\u2019estampage, etc\u2026\n<br ><br >\n\u25a0 Alliages d\u2019acier \u00e0 base nickel : acier difficilement soudable de type Inconel,<br >\n      assemblage a\u00e9ronautique, etc\u2026\n<br ><br >\n\u25a0 Alliages d\u2019acier inoxydables : acier difficilement soudable, acier r\u00e9fractaire, assemblage haute s\u00e9curit\u00e9, etc\u2026\n<br ><br >\n\u25a0 Alliages de cuivre : soudage des bronzes, rechargement de surfaces frottantes, etc..\n<br ><br >\n\u25a0 Alliages d\u2019aluminium : soudage des AG4, AG5, pi\u00e8ces de fonderie, etc\u2026\n<br ><br >\n\u25a0 Alliages de titane : \u00c9changeurs, condenseurs, \u00e9vaporateur, etc\u2026\n<br ><br >\n\u25a0 Alliages de cobalt : contre l\u2019abrasion, corrosion, pression, etc..\n<br ><br >\n\u25a0 Alliages d\u2019assemblage et rechargement : acier de construction m\u00e9canique et d\u2019usinage g\u00e9n\u00e9ral, etc\u2026\n<br ><br ><br >\n                        Plus de 10 nuances de mati\u00e8res en stock permanent.<\/p> <hr  class=\"features-image-cards-separator\"> <\/div> <\/div> <\/div>  <\/div> <\/div><\/div><div  data-label=\"Features\" data-id=\"features-image-cards-section\" data-category=\"features\" class=\"features-image-cards-section\" style=\"background-color: rgb(246, 246, 246); background-image: none;\" id=\"features-2\" data-ovid=\"ovid-features-2-7283\"> <div  class=\"gridContainer\"> <div  class=\"features-image-cards-textrow\"> <div  class=\"features-image-cards-textcol dynamic-color\" data-type=\"column\"> <h2  class=\"\">R\u00e9alisations<\/h2>  <\/div> <\/div> <div  class=\"features-image-cards-innerrow flexbox-list dark-text\" data-type=\"row\"> <div  class=\"features-image-cards-cardcol cp4cols cp6cols-tablet\"> <div  class=\"features-image-cards-cardrow\"><img  decoding=\"async\" class=\"features-image-cards-featimg\" src=\"https:\/\/ladge.fr\/wp-content\/uploads\/2024\/09\/cropped-soudure-culasse-voiture-.jpeg\" alt=\"LADGE : Micro soudure Laser Aluminium culasse voiture\"> <div  class=\"features-image-cards-cardtextrow\" data-type=\"column\"> <h4  class=\"\">Rechargement Aluminium sur une Culasse de Porsche 911 GT3 RS<\/h4>   <\/div> <\/div> <\/div> <div  class=\"features-image-cards-cardcol cp4cols cp6cols-tablet\"> <div  class=\"features-image-cards-cardrow\"><img  decoding=\"async\" class=\"features-image-cards-featimg\" src=\"https:\/\/ladge.fr\/wp-content\/uploads\/2024\/11\/cropped-IMG_4262-1-scaled-1.jpeg\" alt=\"LADGE : Soudure laser villebrequin Porsche 911 GT3 RS\"> <div  class=\"features-image-cards-cardtextrow\" data-type=\"column\"> <h4  class=\"\">Rechargement acier tremp\u00e9 sur un Villebrequin de Porsche 911 GT3 RS<\/h4>   <\/div> <\/div> <\/div> <div  class=\"features-image-cards-cardcol cp4cols cp6cols-tablet\"> <div  class=\"features-image-cards-cardrow\"><img  decoding=\"async\" class=\"features-image-cards-featimg\" src=\"https:\/\/ladge.fr\/wp-content\/uploads\/2024\/11\/IMG_4319-scaled-e1732618887396.jpeg\" alt=\"LADGE : Rechargement Laser grand surface.\"> <div  class=\"features-image-cards-cardtextrow\" data-type=\"column\"> <h4  class=\"\">Rechargement acier tremp\u00e9 suite \u00e0 de l\u2019usure fonctionnelle<\/h4>   <\/div> <\/div> <\/div> <div  class=\"features-image-cards-cardcol cp4cols cp6cols-tablet\"> <div  class=\"features-image-cards-cardrow\"><img  decoding=\"async\" class=\"features-image-cards-featimg\" src=\"https:\/\/ladge.fr\/wp-content\/uploads\/2024\/02\/IMG_3731.jpg\" alt=\"\"> <div  class=\"features-image-cards-cardtextrow\" data-type=\"column\"> <h4  class=\"\">Rechargement port\u00e9e de roulement d\u2019un axe de moteur<\/h4>   <\/div> <\/div> <\/div><div  class=\"features-image-cards-cardcol cp4cols cp6cols-tablet\"> <div  class=\"features-image-cards-cardrow\"><img  decoding=\"async\" class=\"features-image-cards-featimg\" src=\"https:\/\/ladge.fr\/wp-content\/uploads\/2024\/11\/IMG_4725-scaled-e1732618976422.jpeg\" alt=\"LADGE : Rechargement laser moule d'injection plastique.\"> <div  class=\"features-image-cards-cardtextrow\" data-type=\"column\"> <h4  class=\"\">Rechargement arri\u00e8re d\u2019un moule d\u2019injection plastique<\/h4>   <\/div> <\/div> <\/div><div  class=\"features-image-cards-cardcol cp4cols cp6cols-tablet\"> <div  class=\"features-image-cards-cardrow\"><img  decoding=\"async\" class=\"features-image-cards-featimg\" src=\"https:\/\/ladge.fr\/wp-content\/uploads\/2024\/11\/IMG_3732-scaled.jpeg\" alt=\"LADGE : Rechargement au laser port\u00e9e de roulement\"> <div  class=\"features-image-cards-cardtextrow\" data-type=\"column\"> <h4  class=\"\">Port\u00e9e de roulement sur un axe moteur<\/h4>   <\/div> <\/div> <\/div><div  class=\"features-image-cards-cardcol cp4cols cp6cols-tablet\"> <div  class=\"features-image-cards-cardrow\"><img  decoding=\"async\" class=\"features-image-cards-featimg\" src=\"https:\/\/ladge.fr\/wp-content\/uploads\/2024\/11\/IMG_4670-scaled-e1732618280405.jpeg\" alt=\"LADGE : R\u00e9paration par Soudure Laser Aluminium bloc moteur moto.\"> <div  class=\"features-image-cards-cardtextrow\" data-type=\"column\"> <h4  class=\"\">Rechargement Aluminium sur bloc moteur d\u2019une moto<\/h4>   <\/div> <\/div> <\/div><div  class=\"features-image-cards-cardcol cp4cols cp6cols-tablet\"> <div  class=\"features-image-cards-cardrow\"><img  decoding=\"async\" class=\"features-image-cards-featimg\" src=\"https:\/\/ladge.fr\/wp-content\/uploads\/2024\/11\/IMG_3872-scaled-e1732618157954.jpeg\" alt=\"LADGE : R\u00e9parations fissures moules d'injections\"> <div  class=\"features-image-cards-cardtextrow\" data-type=\"column\"> <h4  class=\"\">R\u00e9paration de fissures sur moule d\u2019injection avec reprise manuelle<\/h4>   <\/div> <\/div> <\/div><div  class=\"features-image-cards-cardcol cp4cols cp6cols-tablet\"> <div  class=\"features-image-cards-cardrow\"><img  decoding=\"async\" class=\"features-image-cards-featimg\" src=\"https:\/\/ladge.fr\/wp-content\/uploads\/2024\/11\/IMG_2724-scaled-e1732618088133.jpeg\" alt=\"LADGE : Assemblage de pi\u00e8ces au Laser, petite et moyen serie\"> <div  class=\"features-image-cards-cardtextrow\" data-type=\"column\"> <h4  class=\"\">Assemblage de pi\u00e8ces en serie<\/h4>   <\/div> <\/div> <\/div><\/div> <\/div><\/div>","protected":false},"excerpt":{"rendered":"<p>&nbsp;Soudure et rechargement &nbsp;laser Avec la conjoncture actuelle et l\u2019augmentation de co\u00fbts de fabrication, certaines pi\u00e8ces deviennent de plus en plus honereuses \u00e0 reproduire.Gr\u00e2ce \u00e0 notre savoir faire en soudure laser et en reprise il nous est possible de recharger diff\u00e9rents mat\u00e9riaux sans d\u00e9formation, ni alt\u00e9ration. Ainsi les co\u00fbts sont diminu\u00e9s, et la qualit\u00e9 respect\u00e9e.&hellip; <br \/> <a class=\"button small blue\" href=\"https:\/\/ladge.fr\/index.php\/2019\/06\/30\/bonjour-tout-le-monde\/\">Lire la suite<\/a><\/p>\n","protected":false},"author":1,"featured_media":0,"parent":0,"menu_order":0,"comment_status":"closed","ping_status":"closed","template":"full-width-page.php","meta":{"_themeisle_gutenberg_block_has_review":false,"footnotes":""},"class_list":["post-1165","page","type-page","status-publish","hentry"],"yoast_head":"<!-- This site is optimized with the Yoast SEO plugin v27.3 - https:\/\/yoast.com\/product\/yoast-seo-wordpress\/ -->\n<title>LADGE : Micro soudure au laser<\/title>\n<meta name=\"description\" content=\"R\u00e9paration culasse Aluminium, moules d&#039;injection, pi\u00e8ces industriel usag\u00e9es, erreurs d&#039;usinage, outillage - m\u00e9taux Aciers, Aluminium, Inox.\" \/>\n<meta name=\"robots\" content=\"index, follow, max-snippet:-1, max-image-preview:large, max-video-preview:-1\" \/>\n<link rel=\"canonical\" href=\"https:\/\/ladge.fr\/index.php\/soudure-laser\/\" \/>\n<meta property=\"og:locale\" content=\"fr_FR\" \/>\n<meta property=\"og:type\" content=\"article\" \/>\n<meta property=\"og:title\" content=\"LADGE : Micro soudure au laser\" \/>\n<meta property=\"og:description\" content=\"R\u00e9paration culasse Aluminium, moules d&#039;injection, pi\u00e8ces industriel usag\u00e9es, erreurs d&#039;usinage, outillage - m\u00e9taux Aciers, Aluminium, Inox.\" \/>\n<meta property=\"og:url\" content=\"https:\/\/ladge.fr\/index.php\/soudure-laser\/\" \/>\n<meta property=\"og:site_name\" content=\"Soudure et rechargement LASER - usinage sur site\" \/>\n<meta property=\"article:modified_time\" content=\"2025-10-14T12:40:55+00:00\" \/>\n<meta property=\"og:image\" content=\"https:\/\/ladge.fr\/wp-content\/uploads\/2024\/09\/SOUDURE-LASER-OUTILLAGE.jpeg\" \/>\n<meta name=\"twitter:card\" content=\"summary_large_image\" \/>\n<script type=\"application\/ld+json\" class=\"yoast-schema-graph\">{\"@context\":\"https:\\\/\\\/schema.org\",\"@graph\":[{\"@type\":\"WebPage\",\"@id\":\"https:\\\/\\\/ladge.fr\\\/index.php\\\/soudure-laser\\\/\",\"url\":\"https:\\\/\\\/ladge.fr\\\/index.php\\\/soudure-laser\\\/\",\"name\":\"LADGE : Micro soudure au laser\",\"isPartOf\":{\"@id\":\"https:\\\/\\\/ladge.fr\\\/#website\"},\"primaryImageOfPage\":{\"@id\":\"https:\\\/\\\/ladge.fr\\\/index.php\\\/soudure-laser\\\/#primaryimage\"},\"image\":{\"@id\":\"https:\\\/\\\/ladge.fr\\\/index.php\\\/soudure-laser\\\/#primaryimage\"},\"thumbnailUrl\":\"https:\\\/\\\/ladge.fr\\\/wp-content\\\/uploads\\\/2024\\\/09\\\/SOUDURE-LASER-OUTILLAGE.jpeg\",\"datePublished\":\"2022-12-29T09:26:49+00:00\",\"dateModified\":\"2025-10-14T12:40:55+00:00\",\"description\":\"R\u00e9paration culasse Aluminium, moules d'injection, pi\u00e8ces industriel usag\u00e9es, erreurs d'usinage, outillage - m\u00e9taux Aciers, Aluminium, Inox.\",\"breadcrumb\":{\"@id\":\"https:\\\/\\\/ladge.fr\\\/index.php\\\/soudure-laser\\\/#breadcrumb\"},\"inLanguage\":\"fr-FR\",\"potentialAction\":[{\"@type\":\"ReadAction\",\"target\":[\"https:\\\/\\\/ladge.fr\\\/index.php\\\/soudure-laser\\\/\"]}]},{\"@type\":\"ImageObject\",\"inLanguage\":\"fr-FR\",\"@id\":\"https:\\\/\\\/ladge.fr\\\/index.php\\\/soudure-laser\\\/#primaryimage\",\"url\":\"https:\\\/\\\/ladge.fr\\\/wp-content\\\/uploads\\\/2024\\\/09\\\/SOUDURE-LASER-OUTILLAGE.jpeg\",\"contentUrl\":\"https:\\\/\\\/ladge.fr\\\/wp-content\\\/uploads\\\/2024\\\/09\\\/SOUDURE-LASER-OUTILLAGE.jpeg\",\"width\":1500,\"height\":844,\"caption\":\"SOUDURE LASER AXE\"},{\"@type\":\"BreadcrumbList\",\"@id\":\"https:\\\/\\\/ladge.fr\\\/index.php\\\/soudure-laser\\\/#breadcrumb\",\"itemListElement\":[{\"@type\":\"ListItem\",\"position\":1,\"name\":\"Accueil\",\"item\":\"https:\\\/\\\/ladge.fr\\\/\"},{\"@type\":\"ListItem\",\"position\":2,\"name\":\"Soudure laser\"}]},{\"@type\":\"WebSite\",\"@id\":\"https:\\\/\\\/ladge.fr\\\/#website\",\"url\":\"https:\\\/\\\/ladge.fr\\\/\",\"name\":\"Soudure et rechargement LASER - Usinage sur site\",\"description\":\"\",\"publisher\":{\"@id\":\"https:\\\/\\\/ladge.fr\\\/#organization\"},\"alternateName\":\"LADGE\",\"potentialAction\":[{\"@type\":\"SearchAction\",\"target\":{\"@type\":\"EntryPoint\",\"urlTemplate\":\"https:\\\/\\\/ladge.fr\\\/?s={search_term_string}\"},\"query-input\":{\"@type\":\"PropertyValueSpecification\",\"valueRequired\":true,\"valueName\":\"search_term_string\"}}],\"inLanguage\":\"fr-FR\"},{\"@type\":\"Organization\",\"@id\":\"https:\\\/\\\/ladge.fr\\\/#organization\",\"name\":\"Soudure et rechargement LASER - Usinage sur site\",\"alternateName\":\"LADGE\",\"url\":\"https:\\\/\\\/ladge.fr\\\/\",\"logo\":{\"@type\":\"ImageObject\",\"inLanguage\":\"fr-FR\",\"@id\":\"https:\\\/\\\/ladge.fr\\\/#\\\/schema\\\/logo\\\/image\\\/\",\"url\":\"https:\\\/\\\/ladge.fr\\\/wp-content\\\/uploads\\\/2022\\\/12\\\/Logo-LADGE.png\",\"contentUrl\":\"https:\\\/\\\/ladge.fr\\\/wp-content\\\/uploads\\\/2022\\\/12\\\/Logo-LADGE.png\",\"width\":2292,\"height\":1288,\"caption\":\"Soudure et rechargement LASER - Usinage sur site\"},\"image\":{\"@id\":\"https:\\\/\\\/ladge.fr\\\/#\\\/schema\\\/logo\\\/image\\\/\"}}]}<\/script>\n<!-- \/ Yoast SEO plugin. -->","yoast_head_json":{"title":"LADGE : Micro soudure au laser","description":"R\u00e9paration culasse Aluminium, moules d'injection, pi\u00e8ces industriel usag\u00e9es, erreurs d'usinage, outillage - m\u00e9taux Aciers, Aluminium, Inox.","robots":{"index":"index","follow":"follow","max-snippet":"max-snippet:-1","max-image-preview":"max-image-preview:large","max-video-preview":"max-video-preview:-1"},"canonical":"https:\/\/ladge.fr\/index.php\/soudure-laser\/","og_locale":"fr_FR","og_type":"article","og_title":"LADGE : Micro soudure au laser","og_description":"R\u00e9paration culasse Aluminium, moules d'injection, pi\u00e8ces industriel usag\u00e9es, erreurs d'usinage, outillage - m\u00e9taux Aciers, Aluminium, Inox.","og_url":"https:\/\/ladge.fr\/index.php\/soudure-laser\/","og_site_name":"Soudure et rechargement LASER - usinage sur site","article_modified_time":"2025-10-14T12:40:55+00:00","og_image":[{"url":"https:\/\/ladge.fr\/wp-content\/uploads\/2024\/09\/SOUDURE-LASER-OUTILLAGE.jpeg","type":"","width":"","height":""}],"twitter_card":"summary_large_image","schema":{"@context":"https:\/\/schema.org","@graph":[{"@type":"WebPage","@id":"https:\/\/ladge.fr\/index.php\/soudure-laser\/","url":"https:\/\/ladge.fr\/index.php\/soudure-laser\/","name":"LADGE : Micro soudure au laser","isPartOf":{"@id":"https:\/\/ladge.fr\/#website"},"primaryImageOfPage":{"@id":"https:\/\/ladge.fr\/index.php\/soudure-laser\/#primaryimage"},"image":{"@id":"https:\/\/ladge.fr\/index.php\/soudure-laser\/#primaryimage"},"thumbnailUrl":"https:\/\/ladge.fr\/wp-content\/uploads\/2024\/09\/SOUDURE-LASER-OUTILLAGE.jpeg","datePublished":"2022-12-29T09:26:49+00:00","dateModified":"2025-10-14T12:40:55+00:00","description":"R\u00e9paration culasse Aluminium, moules d'injection, pi\u00e8ces industriel usag\u00e9es, erreurs d'usinage, outillage - m\u00e9taux Aciers, Aluminium, Inox.","breadcrumb":{"@id":"https:\/\/ladge.fr\/index.php\/soudure-laser\/#breadcrumb"},"inLanguage":"fr-FR","potentialAction":[{"@type":"ReadAction","target":["https:\/\/ladge.fr\/index.php\/soudure-laser\/"]}]},{"@type":"ImageObject","inLanguage":"fr-FR","@id":"https:\/\/ladge.fr\/index.php\/soudure-laser\/#primaryimage","url":"https:\/\/ladge.fr\/wp-content\/uploads\/2024\/09\/SOUDURE-LASER-OUTILLAGE.jpeg","contentUrl":"https:\/\/ladge.fr\/wp-content\/uploads\/2024\/09\/SOUDURE-LASER-OUTILLAGE.jpeg","width":1500,"height":844,"caption":"SOUDURE LASER AXE"},{"@type":"BreadcrumbList","@id":"https:\/\/ladge.fr\/index.php\/soudure-laser\/#breadcrumb","itemListElement":[{"@type":"ListItem","position":1,"name":"Accueil","item":"https:\/\/ladge.fr\/"},{"@type":"ListItem","position":2,"name":"Soudure laser"}]},{"@type":"WebSite","@id":"https:\/\/ladge.fr\/#website","url":"https:\/\/ladge.fr\/","name":"Soudure et rechargement LASER - Usinage sur site","description":"","publisher":{"@id":"https:\/\/ladge.fr\/#organization"},"alternateName":"LADGE","potentialAction":[{"@type":"SearchAction","target":{"@type":"EntryPoint","urlTemplate":"https:\/\/ladge.fr\/?s={search_term_string}"},"query-input":{"@type":"PropertyValueSpecification","valueRequired":true,"valueName":"search_term_string"}}],"inLanguage":"fr-FR"},{"@type":"Organization","@id":"https:\/\/ladge.fr\/#organization","name":"Soudure et rechargement LASER - Usinage sur site","alternateName":"LADGE","url":"https:\/\/ladge.fr\/","logo":{"@type":"ImageObject","inLanguage":"fr-FR","@id":"https:\/\/ladge.fr\/#\/schema\/logo\/image\/","url":"https:\/\/ladge.fr\/wp-content\/uploads\/2022\/12\/Logo-LADGE.png","contentUrl":"https:\/\/ladge.fr\/wp-content\/uploads\/2022\/12\/Logo-LADGE.png","width":2292,"height":1288,"caption":"Soudure et rechargement LASER - Usinage sur site"},"image":{"@id":"https:\/\/ladge.fr\/#\/schema\/logo\/image\/"}}]}},"_links":{"self":[{"href":"https:\/\/ladge.fr\/index.php\/wp-json\/wp\/v2\/pages\/1165","targetHints":{"allow":["GET"]}}],"collection":[{"href":"https:\/\/ladge.fr\/index.php\/wp-json\/wp\/v2\/pages"}],"about":[{"href":"https:\/\/ladge.fr\/index.php\/wp-json\/wp\/v2\/types\/page"}],"author":[{"embeddable":true,"href":"https:\/\/ladge.fr\/index.php\/wp-json\/wp\/v2\/users\/1"}],"replies":[{"embeddable":true,"href":"https:\/\/ladge.fr\/index.php\/wp-json\/wp\/v2\/comments?post=1165"}],"version-history":[{"count":29,"href":"https:\/\/ladge.fr\/index.php\/wp-json\/wp\/v2\/pages\/1165\/revisions"}],"predecessor-version":[{"id":2678,"href":"https:\/\/ladge.fr\/index.php\/wp-json\/wp\/v2\/pages\/1165\/revisions\/2678"}],"wp:attachment":[{"href":"https:\/\/ladge.fr\/index.php\/wp-json\/wp\/v2\/media?parent=1165"}],"curies":[{"name":"wp","href":"https:\/\/api.w.org\/{rel}","templated":true}]}}