{"id":1078,"date":"2022-12-27T16:52:58","date_gmt":"2022-12-27T15:52:58","guid":{"rendered":"https:\/\/ladge.fr\/?page_id=1078"},"modified":"2024-11-28T11:49:06","modified_gmt":"2024-11-28T10:49:06","slug":"usinage-sur-site","status":"publish","type":"page","link":"https:\/\/ladge.fr\/index.php\/usinage-sur-site\/","title":{"rendered":"Usinage sur site"},"content":{"rendered":"<div  data-label=\"Content\" data-id=\"content-image-right\" data-category=\"content\" class=\"content-right-image-section content-image-right\" id=\"content-4\" style=\"background-color: rgb(255, 255, 255); background-image: none;\" data-ovid=\"ovid-content-4-130\"> <div  class=\"gridContainer\"> <div  class=\"content-right-image-gridcol\"> <div  class=\"content-right-image-textcol dynamic-color\" data-type=\"column\"> <h2  class=\"\">Prestation : Usinage sur site &amp; per\u00e7age thermique<\/h2> <p  class=\"large_text\">La solution de r\u00e9p\u00e9ration la plus \u00e9conomique et la plus rapide pour la r\u00e9paration de vos al\u00e9sages.\n<br ><br >\nInterventions sur site sur la France, Luxembourg et Belgique.<br ><\/p>  <\/div> <div  class=\"content-right-image-imgcol\" data-type=\"column\"> <img  decoding=\"async\" src=\"https:\/\/ladge.fr\/wp-content\/uploads\/2024\/11\/IMG_4914-scaled.jpeg\" class=\"\" alt=\"LADGE : Usinage sur site engins TP\"> <\/div> <\/div> <\/div> <\/div><div  data-label=\"Overlapable\" data-id=\"stripped-features-image-cards-section\" data-category=\"overlapable\" data-=\"\" class=\"features-image-cards-section stripped-features-image-cards-section\" data-overlap=\"true\" id=\"overlapable-3\" style=\"background-color: rgb(255, 255, 255); background-image: none;\" data-ovid=\"ovid-overlapable-3-91\"> <div  class=\"gridContainer\"> <div  class=\"features-image-cards-innerrow flexbox-list\" data-type=\"row\"> <div  class=\"features-image-cards-cardcol cp6cols-tablet cp6cols\"> <div  class=\"features-image-cards-cardrow\"><img  decoding=\"async\" class=\"features-image-cards-featimg\" src=\"https:\/\/ladge.fr\/wp-content\/uploads\/2019\/09\/Al\u00e9sage.png\" alt=\"LADGE : usinage sur site\"> <div  class=\"features-image-cards-cardtextrow\" data-type=\"column\"> <h4  class=\"\">Plages de r\u00e9alisations<\/h4> <p  class=\"\">Di\u00e0m\u00e8tre de 25 \u00e0 400 mm\n<br ><br >\n<br ><br ><br >\n<\/p> <hr  class=\"features-image-cards-separator\"> <h5 class=\"\" >Les domaines d&rsquo;activit\u00e9s<\/h5><p  class=\"\">\u279c Engins de chantier toutes marques\n<br >\n<br >\u279c Industrie\n<br ><br >\u279c Naval\n<br ><br >\u279c P\u00e8tro-chimie\n<br ><br >\u279c Ferroviaire<\/p><\/div> <\/div> <\/div> <div  class=\"features-image-cards-cardcol cp6cols-tablet cp6cols\"> <div  class=\"features-image-cards-cardrow\"><img  decoding=\"async\" class=\"features-image-cards-featimg\" src=\"https:\/\/ladge.fr\/wp-content\/uploads\/2019\/09\/soudure1.png\" alt=\"LADGE : Soudure Usinage sur site \"> <div  class=\"features-image-cards-cardtextrow\" data-type=\"column\"> <h4  class=\"\">Rechargement orbital <\/h4> <p  class=\"\">Toutes nos r\u00e9parations* d&rsquo;al\u00e9sages sont r\u00e9alis\u00e9es avec rechargement de mati\u00e8re et non par simple baguage acier.\n<br ><br >Le rechargement garantie le respect des caract\u00e9ristiques d&rsquo;origines de la pi\u00e8ce afin de ne pas cr\u00e9e des risques de fissuration.<\/p> <hr  class=\"features-image-cards-separator\"> <h4 class=\"\" >Les avantages de l&rsquo;usinage sur site<\/h4><p  class=\"\">\u279c Pas de co\u00fbt de transport vers un atelier de m\u00e9canique.\n<br ><br >\u279c Economie de temps de d\u00e9montage et remontage.\n<br ><br >\u279c Soudure de rechargement homog\u00e8ne.\n<br ><br >\u279c Rapidit\u00e9 d&rsquo;ex\u00e9cution.\n<br ><br >\u279c Intervention sur site en int\u00e9rieur et ext\u00e9rieur.\n<br ><br >\u279c R\u00e9paration aux cotes d&rsquo;origine constructeur.\n<br ><br >\u279c Possibilit\u00e9 de choisir les jeux de fonctionnement.\n<br ><br >\u279c Alimenation miminium n\u00e9c\u00e9ssaire sur site 220v (16A)\n<br ><br >\u279c conseils techniques<\/p><\/div> <\/div> <\/div>  <\/div> <\/div><\/div><div data-label=\"Features\" data-id=\"features-square-image-section\" data-category=\"features\" class=\"features-square-image-section\" id=\"features-7\"  style=\"background-color: rgb(246, 246, 246); background-image: none;\" data-ovid=\"ovid-features-7-3487\"> <div class=\"gridContainer dynamic-color\" > <div class=\"features-square-image-textrow\" > <div class=\"features-square-image-textcol\" data-type=\"column\" > <h2 class=\"\" >R\u00e9alisations Usinage sur site<\/h2>  <\/div> <\/div> <div class=\"features-square-image-innerrow\" data-type=\"row\" > <div class=\"features-square-image-featcol cp4cols cp6cols-tablet\" ><img decoding=\"async\" class=\"features-square-image-featimg\" src=\"https:\/\/ladge.fr\/wp-content\/uploads\/2022\/01\/IMG_1587.jpg\"  alt=\"LADGE : Usinage sur site turbine hydro\u00e9lectrique\"> <h4 class=\"\" >R\u00e9paration axe de transmission d\u2019une turbine hydro\u00e9lectrique<\/h4>   <\/div> <div class=\"features-square-image-featcol cp4cols cp6cols-tablet\" ><img decoding=\"async\" class=\"features-square-image-featimg\" src=\"https:\/\/ladge.fr\/wp-content\/uploads\/2022\/01\/IMG_1193.jpg\"  alt=\"\"> <h4 class=\"\" >Modification d\u2019un bras de raclage sur engin ferroviaire<\/h4>  <\/div> <div class=\"features-square-image-featcol cp4cols cp6cols-tablet\" ><img decoding=\"async\" class=\"features-square-image-featimg\" src=\"https:\/\/ladge.fr\/wp-content\/uploads\/2022\/01\/IMG_0729.jpeg\"  alt=\"\"> <h4 class=\"\" >Remise en \u00e9tat d\u2019un Bulldozer Caterpillar<\/h4>  <\/div> <div class=\"features-square-image-featcol cp4cols cp6cols-tablet\" ><img decoding=\"async\" class=\"features-square-image-featimg\" src=\"https:\/\/ladge.fr\/wp-content\/uploads\/2022\/01\/IMG_1160.jpg\"  alt=\"LADGE ; R\u00e9paration engins de chantier\"> <h4 class=\"\" >R\u00e9paration du couplage sur pelle Liebherr.<\/h4>   <\/div><div class=\"features-square-image-featcol cp4cols cp6cols-tablet\" ><img decoding=\"async\" class=\"features-square-image-featimg\" src=\"https:\/\/ladge.fr\/wp-content\/uploads\/2022\/01\/IMG_1939.jpg\"  alt=\"LADGE : R\u00e9paration tourelle pince croco\"> <h4 class=\"\" >R\u00e9paration en atelier tourelle support moteur pince croco<\/h4>   <\/div><div class=\"features-square-image-featcol cp4cols cp6cols-tablet\" ><img decoding=\"async\" class=\"features-square-image-featimg\" src=\"https:\/\/ladge.fr\/wp-content\/uploads\/2022\/01\/IMG_1135.jpeg\"  alt=\"LADGE : Usinage sur site TP\"> <h4 class=\"\" >R\u00e9paration chapes pour v\u00e9rin de position<\/h4>   <\/div><div class=\"features-square-image-featcol cp4cols cp6cols-tablet\" ><img decoding=\"async\" class=\"features-square-image-featimg\" src=\"https:\/\/ladge.fr\/wp-content\/uploads\/2024\/11\/IMG_2003-scaled.jpeg\"  alt=\"LADGE : Remise en \u00e9tat Grappin liebherr\"> <h4 class=\"\" >Reconditionnement Grappin Liebherr GM65<\/h4>   <\/div><div class=\"features-square-image-featcol cp4cols cp6cols-tablet\" ><img decoding=\"async\" class=\"features-square-image-featimg\" src=\"https:\/\/ladge.fr\/wp-content\/uploads\/2024\/11\/IMG_3153-scaled.jpeg\"  alt=\"LADGE : R\u00e9paration Grappin Liebherr\"> <h4 class=\"\" >R\u00e9usinage des al\u00e9sages support coquilles + sablage peinture epoxy<\/h4>   <\/div><div class=\"features-square-image-featcol cp4cols cp6cols-tablet\" ><img decoding=\"async\" class=\"features-square-image-featimg\" src=\"https:\/\/ladge.fr\/wp-content\/uploads\/2024\/11\/IMG_3155-scaled.jpeg\"  alt=\"LADGE : R\u00e9paration coquilles grappin Liebherr\"> <h4 class=\"\" >R\u00e9paration des al\u00e9sages de coquilles avec baguages origine + sablage peinture epoxy<\/h4>   <\/div><\/div> <\/div><\/div><div data-label=\"Content\" data-id=\"content-image-left\" data-category=\"content\" class=\"content-left-image-section content-image-left\" id=\"content-3\"  style=\"background-color: rgb(255, 255, 255);\"> <div class=\"gridContainer\" > <div class=\"row\" > <div class=\"content-left-image-imgcol\" data-type=\"column\" > <img decoding=\"async\" src=\"https:\/\/ladge.fr\/wp-content\/uploads\/2022\/04\/Capture-d\u2019\u00e9cran-2022-04-03-\u00e0-08.41.44.png\" class=\"\"  alt=\"LADGE : Per\u00e7age lance thermique\"> <\/div> <div class=\"content-left-image-textcol dynamic-color\" data-type=\"column\" > <h2 class=\"\" >Per\u00e7age thermique<\/h2> <p class=\"large_text\" >Le per\u00e7age \u00e0 la lance thermique est la solution ultime pour le d\u00e9blocage des axes ne souhaitant pas collaborer.\n<br ><br >Cette situation arrive le plus souvant suite \u00e0 un manque de graissage ou une rupture de celui-ci. <\/p>  <\/div> <\/div> <\/div> <\/div><div data-label=\"Features\" data-id=\"features-square-image-section-1\" data-category=\"features\" class=\"features-square-image-section features-square-image-section-1\" id=\"features-1\"  style=\"background-color: rgb(246, 246, 246);\"> <div class=\"gridContainer dynamic-color\" > <div class=\"features-square-image-textrow\" > <div class=\"features-square-image-textcol\" data-type=\"column\" > <h2 class=\"\" >R\u00e9alisation Per\u00e7age thermique<\/h2>  <\/div> <\/div> <div class=\"features-square-image-innerrow\" data-type=\"row\" > <div class=\"features-square-image-featcol cp4cols cp6cols-tablet\" ><img decoding=\"async\" class=\"features-square-image-featimg\" src=\"https:\/\/ladge.fr\/wp-content\/uploads\/2024\/11\/IMG_3785-scaled-e1732621689993.jpeg\"  alt=\"LADGE : Percage lance thermique\"> <h4 class=\"\" >Per\u00e7age thermique d\u2019un axe bloqu\u00e9<\/h4>   <\/div> <div class=\"features-square-image-featcol cp4cols cp6cols-tablet\" ><img decoding=\"async\" class=\"features-square-image-featimg\" src=\"https:\/\/ladge.fr\/wp-content\/uploads\/2024\/11\/IMG_3788-scaled-e1732621668380.jpeg\"  alt=\"LADGE : Percage lance thermique\"> <h4 class=\"\" >Axe apr\u00e8s extraction<\/h4>  <\/div> <div class=\"features-square-image-featcol cp4cols cp6cols-tablet\" ><img decoding=\"async\" class=\"features-square-image-featimg\" src=\"https:\/\/ladge.fr\/wp-content\/uploads\/2024\/11\/IMG_3790-scaled-e1732621634925.jpeg\"  alt=\"LADGE : Percage lance thermique\"> <h4 class=\"\" >R\u00e9usinage au diam\u00e8tre d&rsquo;origine<\/h4>  <\/div> <\/div> <\/div><\/div>","protected":false},"excerpt":{"rendered":"<p>Prestation : Usinage sur site &amp; per\u00e7age thermique La solution de r\u00e9p\u00e9ration la plus \u00e9conomique et la plus rapide pour la r\u00e9paration de vos al\u00e9sages. Interventions sur site sur la France, Luxembourg et Belgique. Plages de r\u00e9alisations Di\u00e0m\u00e8tre de 25 \u00e0 400 mm Les domaines d&rsquo;activit\u00e9s\u279c Engins de chantier toutes marques \u279c Industrie \u279c Naval&hellip; <br \/> <a class=\"button small blue\" href=\"https:\/\/ladge.fr\/index.php\/2019\/06\/30\/bonjour-tout-le-monde\/\">Lire la suite<\/a><\/p>\n","protected":false},"author":1,"featured_media":0,"parent":0,"menu_order":0,"comment_status":"closed","ping_status":"closed","template":"full-width-page.php","meta":{"_themeisle_gutenberg_block_has_review":false,"footnotes":""},"class_list":["post-1078","page","type-page","status-publish","hentry"],"yoast_head":"<!-- This site is optimized with the Yoast SEO plugin v27.3 - https:\/\/yoast.com\/product\/yoast-seo-wordpress\/ -->\n<title>LADGE : Usinage sur site<\/title>\n<meta name=\"description\" content=\"R\u00e9paration d&#039;al\u00e9sages sur site. Engins TP, Industriel, Ferroviaire, Forestier. Diam\u00e8tre de 35 \u00e0 450mm avec rechargement de mati\u00e8re.\" \/>\n<meta name=\"robots\" content=\"index, follow, max-snippet:-1, max-image-preview:large, max-video-preview:-1\" \/>\n<link rel=\"canonical\" href=\"https:\/\/ladge.fr\/index.php\/usinage-sur-site\/\" \/>\n<meta property=\"og:locale\" content=\"fr_FR\" \/>\n<meta property=\"og:type\" content=\"article\" \/>\n<meta property=\"og:title\" content=\"LADGE : Usinage sur site\" \/>\n<meta property=\"og:description\" content=\"R\u00e9paration d&#039;al\u00e9sages sur site. Engins TP, Industriel, Ferroviaire, Forestier. Diam\u00e8tre de 35 \u00e0 450mm avec rechargement de mati\u00e8re.\" \/>\n<meta property=\"og:url\" content=\"https:\/\/ladge.fr\/index.php\/usinage-sur-site\/\" \/>\n<meta property=\"og:site_name\" content=\"Soudure et rechargement LASER - usinage sur site\" \/>\n<meta property=\"article:modified_time\" content=\"2024-11-28T10:49:06+00:00\" \/>\n<meta property=\"og:image\" content=\"https:\/\/ladge.fr\/wp-content\/uploads\/2024\/11\/IMG_4914-scaled.jpeg\" \/>\n<meta name=\"twitter:card\" content=\"summary_large_image\" \/>\n<script type=\"application\/ld+json\" class=\"yoast-schema-graph\">{\"@context\":\"https:\\\/\\\/schema.org\",\"@graph\":[{\"@type\":\"WebPage\",\"@id\":\"https:\\\/\\\/ladge.fr\\\/index.php\\\/usinage-sur-site\\\/\",\"url\":\"https:\\\/\\\/ladge.fr\\\/index.php\\\/usinage-sur-site\\\/\",\"name\":\"LADGE : Usinage sur site\",\"isPartOf\":{\"@id\":\"https:\\\/\\\/ladge.fr\\\/#website\"},\"primaryImageOfPage\":{\"@id\":\"https:\\\/\\\/ladge.fr\\\/index.php\\\/usinage-sur-site\\\/#primaryimage\"},\"image\":{\"@id\":\"https:\\\/\\\/ladge.fr\\\/index.php\\\/usinage-sur-site\\\/#primaryimage\"},\"thumbnailUrl\":\"https:\\\/\\\/ladge.fr\\\/wp-content\\\/uploads\\\/2024\\\/11\\\/IMG_4914-scaled.jpeg\",\"datePublished\":\"2022-12-27T15:52:58+00:00\",\"dateModified\":\"2024-11-28T10:49:06+00:00\",\"description\":\"R\u00e9paration d'al\u00e9sages sur site. Engins TP, Industriel, Ferroviaire, Forestier. Diam\u00e8tre de 35 \u00e0 450mm avec rechargement de mati\u00e8re.\",\"breadcrumb\":{\"@id\":\"https:\\\/\\\/ladge.fr\\\/index.php\\\/usinage-sur-site\\\/#breadcrumb\"},\"inLanguage\":\"fr-FR\",\"potentialAction\":[{\"@type\":\"ReadAction\",\"target\":[\"https:\\\/\\\/ladge.fr\\\/index.php\\\/usinage-sur-site\\\/\"]}]},{\"@type\":\"ImageObject\",\"inLanguage\":\"fr-FR\",\"@id\":\"https:\\\/\\\/ladge.fr\\\/index.php\\\/usinage-sur-site\\\/#primaryimage\",\"url\":\"https:\\\/\\\/ladge.fr\\\/wp-content\\\/uploads\\\/2024\\\/11\\\/IMG_4914-scaled.jpeg\",\"contentUrl\":\"https:\\\/\\\/ladge.fr\\\/wp-content\\\/uploads\\\/2024\\\/11\\\/IMG_4914-scaled.jpeg\",\"width\":2560,\"height\":1440,\"caption\":\"LADGE : Usinage sur site engins TP\"},{\"@type\":\"BreadcrumbList\",\"@id\":\"https:\\\/\\\/ladge.fr\\\/index.php\\\/usinage-sur-site\\\/#breadcrumb\",\"itemListElement\":[{\"@type\":\"ListItem\",\"position\":1,\"name\":\"Accueil\",\"item\":\"https:\\\/\\\/ladge.fr\\\/\"},{\"@type\":\"ListItem\",\"position\":2,\"name\":\"Usinage sur site\"}]},{\"@type\":\"WebSite\",\"@id\":\"https:\\\/\\\/ladge.fr\\\/#website\",\"url\":\"https:\\\/\\\/ladge.fr\\\/\",\"name\":\"Soudure et rechargement LASER - Usinage sur site\",\"description\":\"\",\"publisher\":{\"@id\":\"https:\\\/\\\/ladge.fr\\\/#organization\"},\"alternateName\":\"LADGE\",\"potentialAction\":[{\"@type\":\"SearchAction\",\"target\":{\"@type\":\"EntryPoint\",\"urlTemplate\":\"https:\\\/\\\/ladge.fr\\\/?s={search_term_string}\"},\"query-input\":{\"@type\":\"PropertyValueSpecification\",\"valueRequired\":true,\"valueName\":\"search_term_string\"}}],\"inLanguage\":\"fr-FR\"},{\"@type\":\"Organization\",\"@id\":\"https:\\\/\\\/ladge.fr\\\/#organization\",\"name\":\"Soudure et rechargement LASER - Usinage sur site\",\"alternateName\":\"LADGE\",\"url\":\"https:\\\/\\\/ladge.fr\\\/\",\"logo\":{\"@type\":\"ImageObject\",\"inLanguage\":\"fr-FR\",\"@id\":\"https:\\\/\\\/ladge.fr\\\/#\\\/schema\\\/logo\\\/image\\\/\",\"url\":\"https:\\\/\\\/ladge.fr\\\/wp-content\\\/uploads\\\/2022\\\/12\\\/Logo-LADGE.png\",\"contentUrl\":\"https:\\\/\\\/ladge.fr\\\/wp-content\\\/uploads\\\/2022\\\/12\\\/Logo-LADGE.png\",\"width\":2292,\"height\":1288,\"caption\":\"Soudure et rechargement LASER - Usinage sur site\"},\"image\":{\"@id\":\"https:\\\/\\\/ladge.fr\\\/#\\\/schema\\\/logo\\\/image\\\/\"}}]}<\/script>\n<!-- \/ Yoast SEO plugin. -->","yoast_head_json":{"title":"LADGE : Usinage sur site","description":"R\u00e9paration d'al\u00e9sages sur site. Engins TP, Industriel, Ferroviaire, Forestier. Diam\u00e8tre de 35 \u00e0 450mm avec rechargement de mati\u00e8re.","robots":{"index":"index","follow":"follow","max-snippet":"max-snippet:-1","max-image-preview":"max-image-preview:large","max-video-preview":"max-video-preview:-1"},"canonical":"https:\/\/ladge.fr\/index.php\/usinage-sur-site\/","og_locale":"fr_FR","og_type":"article","og_title":"LADGE : Usinage sur site","og_description":"R\u00e9paration d'al\u00e9sages sur site. Engins TP, Industriel, Ferroviaire, Forestier. Diam\u00e8tre de 35 \u00e0 450mm avec rechargement de mati\u00e8re.","og_url":"https:\/\/ladge.fr\/index.php\/usinage-sur-site\/","og_site_name":"Soudure et rechargement LASER - usinage sur site","article_modified_time":"2024-11-28T10:49:06+00:00","og_image":[{"url":"https:\/\/ladge.fr\/wp-content\/uploads\/2024\/11\/IMG_4914-scaled.jpeg","type":"","width":"","height":""}],"twitter_card":"summary_large_image","schema":{"@context":"https:\/\/schema.org","@graph":[{"@type":"WebPage","@id":"https:\/\/ladge.fr\/index.php\/usinage-sur-site\/","url":"https:\/\/ladge.fr\/index.php\/usinage-sur-site\/","name":"LADGE : Usinage sur site","isPartOf":{"@id":"https:\/\/ladge.fr\/#website"},"primaryImageOfPage":{"@id":"https:\/\/ladge.fr\/index.php\/usinage-sur-site\/#primaryimage"},"image":{"@id":"https:\/\/ladge.fr\/index.php\/usinage-sur-site\/#primaryimage"},"thumbnailUrl":"https:\/\/ladge.fr\/wp-content\/uploads\/2024\/11\/IMG_4914-scaled.jpeg","datePublished":"2022-12-27T15:52:58+00:00","dateModified":"2024-11-28T10:49:06+00:00","description":"R\u00e9paration d'al\u00e9sages sur site. Engins TP, Industriel, Ferroviaire, Forestier. Diam\u00e8tre de 35 \u00e0 450mm avec rechargement de mati\u00e8re.","breadcrumb":{"@id":"https:\/\/ladge.fr\/index.php\/usinage-sur-site\/#breadcrumb"},"inLanguage":"fr-FR","potentialAction":[{"@type":"ReadAction","target":["https:\/\/ladge.fr\/index.php\/usinage-sur-site\/"]}]},{"@type":"ImageObject","inLanguage":"fr-FR","@id":"https:\/\/ladge.fr\/index.php\/usinage-sur-site\/#primaryimage","url":"https:\/\/ladge.fr\/wp-content\/uploads\/2024\/11\/IMG_4914-scaled.jpeg","contentUrl":"https:\/\/ladge.fr\/wp-content\/uploads\/2024\/11\/IMG_4914-scaled.jpeg","width":2560,"height":1440,"caption":"LADGE : Usinage sur site engins TP"},{"@type":"BreadcrumbList","@id":"https:\/\/ladge.fr\/index.php\/usinage-sur-site\/#breadcrumb","itemListElement":[{"@type":"ListItem","position":1,"name":"Accueil","item":"https:\/\/ladge.fr\/"},{"@type":"ListItem","position":2,"name":"Usinage sur site"}]},{"@type":"WebSite","@id":"https:\/\/ladge.fr\/#website","url":"https:\/\/ladge.fr\/","name":"Soudure et rechargement LASER - Usinage sur site","description":"","publisher":{"@id":"https:\/\/ladge.fr\/#organization"},"alternateName":"LADGE","potentialAction":[{"@type":"SearchAction","target":{"@type":"EntryPoint","urlTemplate":"https:\/\/ladge.fr\/?s={search_term_string}"},"query-input":{"@type":"PropertyValueSpecification","valueRequired":true,"valueName":"search_term_string"}}],"inLanguage":"fr-FR"},{"@type":"Organization","@id":"https:\/\/ladge.fr\/#organization","name":"Soudure et rechargement LASER - Usinage sur site","alternateName":"LADGE","url":"https:\/\/ladge.fr\/","logo":{"@type":"ImageObject","inLanguage":"fr-FR","@id":"https:\/\/ladge.fr\/#\/schema\/logo\/image\/","url":"https:\/\/ladge.fr\/wp-content\/uploads\/2022\/12\/Logo-LADGE.png","contentUrl":"https:\/\/ladge.fr\/wp-content\/uploads\/2022\/12\/Logo-LADGE.png","width":2292,"height":1288,"caption":"Soudure et rechargement LASER - Usinage sur site"},"image":{"@id":"https:\/\/ladge.fr\/#\/schema\/logo\/image\/"}}]}},"_links":{"self":[{"href":"https:\/\/ladge.fr\/index.php\/wp-json\/wp\/v2\/pages\/1078","targetHints":{"allow":["GET"]}}],"collection":[{"href":"https:\/\/ladge.fr\/index.php\/wp-json\/wp\/v2\/pages"}],"about":[{"href":"https:\/\/ladge.fr\/index.php\/wp-json\/wp\/v2\/types\/page"}],"author":[{"embeddable":true,"href":"https:\/\/ladge.fr\/index.php\/wp-json\/wp\/v2\/users\/1"}],"replies":[{"embeddable":true,"href":"https:\/\/ladge.fr\/index.php\/wp-json\/wp\/v2\/comments?post=1078"}],"version-history":[{"count":18,"href":"https:\/\/ladge.fr\/index.php\/wp-json\/wp\/v2\/pages\/1078\/revisions"}],"predecessor-version":[{"id":1680,"href":"https:\/\/ladge.fr\/index.php\/wp-json\/wp\/v2\/pages\/1078\/revisions\/1680"}],"wp:attachment":[{"href":"https:\/\/ladge.fr\/index.php\/wp-json\/wp\/v2\/media?parent=1078"}],"curies":[{"name":"wp","href":"https:\/\/api.w.org\/{rel}","templated":true}]}}